{"id":9009,"date":"2026-02-15T17:10:16","date_gmt":"2026-02-15T16:10:16","guid":{"rendered":"https:\/\/sexgym.com\/?page_id=9009"},"modified":"2026-02-17T14:15:16","modified_gmt":"2026-02-17T13:15:16","slug":"passion","status":"publish","type":"page","link":"https:\/\/sexgym.com\/fr\/laboratoire\/passion\/","title":{"rendered":"Comment durer plus longtemps au lit et am\u00e9liorer le contr\u00f4le | SexGym"},"content":{"rendered":"<div data-elementor-type=\"wp-page\" data-elementor-id=\"9009\" class=\"elementor elementor-9009\" data-elementor-post-type=\"page\">\n\t\t\t\t<div class=\"elementor-element elementor-element-6be754a4 e-con-full sg-spicy-ajax e-flex e-con e-parent\" data-id=\"6be754a4\" data-element_type=\"container\" data-e-type=\"container\" data-settings=\"{&quot;background_background&quot;:&quot;classic&quot;}\">\n\t\t<div class=\"elementor-element elementor-element-5e9bcdc7 sg-wrap e-flex e-con-boxed e-con e-child\" data-id=\"5e9bcdc7\" data-element_type=\"container\" data-e-type=\"container\">\n\t\t\t\t\t<div class=\"e-con-inner\">\n\t\t\t\t<div class=\"elementor-element elementor-element-38537a0b elementor-widget elementor-widget-heading\" data-id=\"38537a0b\" data-element_type=\"widget\" data-e-type=\"widget\" data-widget_type=\"heading.default\">\n\t\t\t\t\t<h6 class=\"elementor-heading-title elementor-size-default\"><span class='sg-kicker'>LAB - PASSION<\/span><\/h6>\t\t\t\t<\/div>\n\t\t\t\t<div class=\"elementor-element elementor-element-1e09335e elementor-hidden-desktop elementor-hidden-tablet elementor-hidden-mobile elementor-widget elementor-widget-button\" data-id=\"1e09335e\" data-element_type=\"widget\" data-e-type=\"widget\" data-widget_type=\"button.default\">\n\t\t\t\t\t\t\t\t\t\t<a class=\"elementor-button elementor-button-link elementor-size-xs\" href=\"\/blog\/\">\n\t\t\t\t\t\t<span class=\"elementor-button-content-wrapper\">\n\t\t\t\t\t\t\t\t\t<span class=\"elementor-button-text\">Retour \u00e0 \/blog\/<\/span>\n\t\t\t\t\t<\/span>\n\t\t\t\t\t<\/a>\n\t\t\t\t\t\t\t\t<\/div>\n\t\t\t\t\t<\/div>\n\t\t\t\t<\/div>\n\t\t<div class=\"elementor-element elementor-element-60f364c3 sg-wrap e-flex e-con-boxed e-con e-child\" data-id=\"60f364c3\" data-element_type=\"container\" data-e-type=\"container\">\n\t\t\t\t\t<div class=\"e-con-inner\">\n\t\t\t\t<div class=\"elementor-element elementor-element-0d50559 elementor-widget elementor-widget-heading\" data-id=\"0d50559\" data-element_type=\"widget\" data-e-type=\"widget\" data-widget_type=\"heading.default\">\n\t\t\t\t\t<h1 class=\"elementor-heading-title elementor-size-default\">Techniques avanc\u00e9es pour durer plus longtemps et am\u00e9liorer le contr\u00f4le<\/h1>\t\t\t\t<\/div>\n\t\t\t\t<div class=\"elementor-element elementor-element-77cbfe0 elementor-widget elementor-widget-text-editor\" data-id=\"77cbfe0\" data-element_type=\"widget\" data-e-type=\"widget\" data-widget_type=\"text-editor.default\">\n\t\t\t\t\t\t\t\t\t<p data-start=\"952\" data-end=\"1229\">La section Passion du SexGym Lab est destin\u00e9e \u00e0 ceux qui veulent apprendre \u00e0 durer plus longtemps au lit et \u00e0 am\u00e9liorer leur contr\u00f4le de mani\u00e8re r\u00e9elle et progressive. La dur\u00e9e ne d\u00e9pend pas uniquement de l'exp\u00e9rience, mais de la technique, de la respiration, de l'endurance et de la ma\u00eetrise de l'excitation.<\/p><p data-start=\"1231\" data-end=\"1473\">Vous trouverez ici des m\u00e9thodes avanc\u00e9es pour contr\u00f4ler l'\u00e9jaculation, augmenter l'intensit\u00e9, am\u00e9liorer la connexion avec le partenaire et accro\u00eetre les performances intimes. La cl\u00e9 est de combiner l'entra\u00eenement physique, le contr\u00f4le mental et la pratique structur\u00e9e.<\/p><p data-start=\"1475\" data-end=\"1553\">Si vous ma\u00eetrisez les principes de base, il est temps de passer au niveau sup\u00e9rieur.<\/p>\t\t\t\t\t\t\t\t<\/div>\n\t\t\t\t<div class=\"elementor-element elementor-element-8fccb9d elementor-widget elementor-widget-shortcode\" data-id=\"8fccb9d\" data-element_type=\"widget\" data-e-type=\"widget\" data-widget_type=\"shortcode.default\">\n\t\t\t\t\t\t\t<div class=\"elementor-shortcode\">  <div class=\"sg-hero\" style=\"background-image:url('https:\/\/sexgym.com\/wp-content\/uploads\/2026\/02\/1-1.webp');background-size:cover;background-position:center;\">\n    <div class=\"sg-heroOverlay\" style=\"min-height:460px; padding:28px; display:flex; flex-direction:column; justify-content:flex-end;\">\n      <div style=\"margin-bottom:10px\"><span class=\"sg-kicker\">En vedette<\/span><\/div>\n      <h2 style=\"font-size:clamp(30px,4vw,52px);font-weight:900;line-height:1.05;margin:0 0 10px; max-width:22ch;\">\n        Les postures du kamasutra qui font fureur en cette ann\u00e9e 2026      <\/h2>\n      <p class=\"sg-muted\" style=\"max-width:70ch;margin:0 0 16px;line-height:1.6\">Les postures du Kamasutra qui balayent cette 2026 combinent le sexe en pleine conscience, le sexe lent et la connexion \u00e9motionnelle profonde. D\u00e9couvrez les postures du Kamasutra 2026 et augmentez votre plaisir.<\/p>\n      <div style=\"display:flex; gap:12px; flex-wrap:wrap; align-items:center\">\n        <a class=\"elementor-button sg-btn\" href=\"https:\/\/sexgym.com\/fr\/les-postures-du-kamasutra-qui-font-fureur-en-cette-annee-2026\/\" style=\"text-decoration:none;\">Lire<\/a>\n      <\/div>\n    <\/div>\n  <\/div>\n  <\/div>\n\t\t\t\t\t\t<\/div>\n\t\t\t\t\t<\/div>\n\t\t\t\t<\/div>\n\t\t<div class=\"elementor-element elementor-element-3acb9c3e sg-wrap e-flex e-con-boxed e-con e-child\" data-id=\"3acb9c3e\" data-element_type=\"container\" data-e-type=\"container\">\n\t\t\t\t\t<div class=\"e-con-inner\">\n\t\t\t\t<div class=\"elementor-element elementor-element-407b71fa elementor-widget elementor-widget-shortcode\" data-id=\"407b71fa\" data-element_type=\"widget\" data-e-type=\"widget\" data-widget_type=\"shortcode.default\">\n\t\t\t\t\t\t\t<div class=\"elementor-shortcode\"><div class='sg-chips' data-sg-chips='1' data-parent='pasion' data-param='topic'><a class='sg-chip is-active' href='\/lab\/pasion\/' data-topic=''><svg viewbox=\"0 0 24 24\" fill=\"none\"><path d=\"M6 7h12M6 12h12M6 17h12\" stroke=\"currentColor\" stroke-width=\"2\" stroke-linecap=\"round\"\/><\/svg><span>Tous<\/span><\/a><a class='sg-chip' href='\/lab\/pasion\/?topic=control-orgasmico' data-topic='control-orgasmico'><svg viewbox=\"0 0 24 24\" fill=\"none\"><path d=\"M12 22a10 10 0 1 0-10-10\" stroke=\"currentColor\" stroke-width=\"2\"\/><path d=\"M12 18a6 6 0 1 0-6-6\" stroke=\"currentColor\" stroke-width=\"2\"\/><path d=\"M12 14a2 2 0 1 0-2-2\" stroke=\"currentColor\" stroke-width=\"2\"\/><\/svg><span>Contr\u00f4le orgasmique<\/span><\/a><a class='sg-chip' href='\/lab\/pasion\/?topic=tecnicas-avanzadas' data-topic='tecnicas-avanzadas'><svg viewbox=\"0 0 24 24\" fill=\"none\"><path d=\"M13 2L3 14h8l-1 8 10-12h-8l1-8Z\" stroke=\"currentColor\" stroke-width=\"2\" stroke-linejoin=\"round\"\/><\/svg><span>Techniques avanc\u00e9es<\/span><\/a><a class='sg-chip' href='\/lab\/pasion\/?topic=rendimiento' data-topic='rendimiento'><svg viewbox=\"0 0 24 24\" fill=\"none\"><path d=\"M20 13a8 8 0 1 1-16 0\" stroke=\"currentColor\" stroke-width=\"2\" stroke-linecap=\"round\"\/><path d=\"M12 13l4-4\" stroke=\"currentColor\" stroke-width=\"2\" stroke-linecap=\"round\"\/><path d=\"M4 13h2m12 0h2\" stroke=\"currentColor\" stroke-width=\"2\" stroke-linecap=\"round\"\/><\/svg><span>Performance<\/span><\/a><a class='sg-chip' href='\/lab\/pasion\/?topic=juguetes' data-topic='juguetes'><svg viewbox=\"0 0 24 24\" fill=\"none\"><path d=\"M7 14l10-10M8 7l9 9M6 18l6-6\" stroke=\"currentColor\" stroke-width=\"2\" stroke-linecap=\"round\"\/><\/svg><span>Jouets et accessoires<\/span><\/a><a class='sg-chip' href='\/lab\/pasion\/?topic=rutinas-hot' data-topic='rutinas-hot'><svg viewbox=\"0 0 24 24\" fill=\"none\"><path d=\"M12 21s-7-4.5-9.5-9A5.5 5.5 0 0 1 12 6a5.5 5.5 0 0 1 9.5 6c-2.5 4.5-9.5 9-9.5 9Z\" stroke=\"currentColor\" stroke-width=\"2\"\/><\/svg><span>Routines chaudes<\/span><\/a><a class='sg-chip' href='\/lab\/pasion\/?topic=parejas' data-topic='parejas'><svg viewbox=\"0 0 24 24\" fill=\"none\"><path d=\"M16 11a4 4 0 1 0-8 0\" stroke=\"currentColor\" stroke-width=\"2\"\/><path d=\"M4 21c1.2-4 14.8-4 16 0\" stroke=\"currentColor\" stroke-width=\"2\" stroke-linecap=\"round\"\/><\/svg><span>Couples<\/span><\/a><a class='sg-chip' href='\/lab\/pasion\/?topic=tendencias' data-topic='tendencias'><svg viewbox=\"0 0 24 24\" fill=\"none\"><path d=\"M4 14l6-6 4 4 6-6\" stroke=\"currentColor\" stroke-width=\"2\" stroke-linecap=\"round\"\/><path d=\"M20 8v6h-6\" stroke=\"currentColor\" stroke-width=\"2\" stroke-linecap=\"round\"\/><\/svg><span>Tendances<\/span><\/a><a class='sg-chip' href='\/lab\/pasion\/?topic=deseo-libido' data-topic='deseo-libido'><svg viewbox=\"0 0 24 24\" fill=\"none\"><path d=\"M6 7h12M6 12h12M6 17h12\" stroke=\"currentColor\" stroke-width=\"2\" stroke-linecap=\"round\"\/><\/svg><span>D\u00e9sir et libido<\/span><\/a><a class='sg-chip' href='\/lab\/pasion\/?topic=fantasias' data-topic='fantasias'><svg viewbox=\"0 0 24 24\" fill=\"none\"><path d=\"M6 7h12M6 12h12M6 17h12\" stroke=\"currentColor\" stroke-width=\"2\" stroke-linecap=\"round\"\/><\/svg><span>Fantasmes<\/span><\/a><a class='sg-chip' href='\/lab\/pasion\/?topic=juego-mental' data-topic='juego-mental'><svg viewbox=\"0 0 24 24\" fill=\"none\"><path d=\"M6 7h12M6 12h12M6 17h12\" stroke=\"currentColor\" stroke-width=\"2\" stroke-linecap=\"round\"\/><\/svg><span>Jeu mental<\/span><\/a><a class='sg-chip' href='\/lab\/pasion\/?topic=juegos' data-topic='juegos'><svg viewbox=\"0 0 24 24\" fill=\"none\"><path d=\"M6 7h12M6 12h12M6 17h12\" stroke=\"currentColor\" stroke-width=\"2\" stroke-linecap=\"round\"\/><\/svg><span>Jeux<\/span><\/a><a class='sg-chip' href='\/lab\/pasion\/?topic=mitos-tabu' data-topic='mitos-tabu'><svg viewbox=\"0 0 24 24\" fill=\"none\"><path d=\"M6 7h12M6 12h12M6 17h12\" stroke=\"currentColor\" stroke-width=\"2\" stroke-linecap=\"round\"\/><\/svg><span>Mythes et tabous<\/span><\/a><a class='sg-chip' href='\/lab\/pasion\/?topic=salud-sexual' data-topic='salud-sexual'><svg viewbox=\"0 0 24 24\" fill=\"none\"><path d=\"M6 7h12M6 12h12M6 17h12\" stroke=\"currentColor\" stroke-width=\"2\" stroke-linecap=\"round\"\/><\/svg><span>Sant\u00e9 sexuelle<\/span><\/a><a class='sg-chip' href='\/lab\/pasion\/?topic=tecnicas-control' data-topic='tecnicas-control'><svg viewbox=\"0 0 24 24\" fill=\"none\"><path d=\"M6 7h12M6 12h12M6 17h12\" stroke=\"currentColor\" stroke-width=\"2\" stroke-linecap=\"round\"\/><\/svg><span>Techniques et contr\u00f4le<\/span><\/a><\/div><\/div>\n\t\t\t\t\t\t<\/div>\n\t\t\t\t\t<\/div>\n\t\t\t\t<\/div>\n\t\t<div class=\"elementor-element elementor-element-72a6b9c0 sg-wrap e-flex e-con-boxed e-con e-child\" data-id=\"72a6b9c0\" data-element_type=\"container\" data-e-type=\"container\">\n\t\t\t\t\t<div class=\"e-con-inner\">\n\t\t\t\t<div class=\"elementor-element elementor-element-6ea83684 elementor-widget elementor-widget-html\" data-id=\"6ea83684\" data-element_type=\"widget\" data-e-type=\"widget\" data-widget_type=\"html.default\">\n\t\t\t\t\t<div class='sg-sectionTitle'><h3><span style='color:#1ef0ff'>\u2197<\/span> Laboratoire de la passion<\/h3><a class='sg-more' href='#grid'>Voir tous les \u2192<\/a><\/div>\t\t\t\t<\/div>\n\t\t\t\t\t<\/div>\n\t\t\t\t<\/div>\n\t\t<div class=\"elementor-element elementor-element-4ef0e6fe sg-wrap e-flex e-con-boxed e-con e-child\" data-id=\"4ef0e6fe\" data-element_type=\"container\" data-e-type=\"container\">\n\t\t\t\t\t<div class=\"e-con-inner\">\n\t\t\t\t<div class=\"elementor-element elementor-element-1ee8898a elementor-widget elementor-widget-shortcode\" data-id=\"1ee8898a\" data-element_type=\"widget\" data-e-type=\"widget\" data-widget_type=\"shortcode.default\">\n\t\t\t\t\t\t\t<div class=\"elementor-shortcode\"><div data-sg-grid='1' data-endpoint='https:\/\/sexgym.com\/fr\/wp-json\/sexgym\/v1\/blog-grid' data-parent='pasion' data-param='topic' data-per-page='9' data-topic=''><div class='sg-muted'>Chargement...<\/div><\/div><\/div>\n\t\t\t\t\t\t<\/div>\n\t\t\t\t\t<\/div>\n\t\t\t\t<\/div>\n\t\t<div class=\"elementor-element elementor-element-7e9ca371 sg-wrap e-flex e-con-boxed e-con e-child\" data-id=\"7e9ca371\" data-element_type=\"container\" data-e-type=\"container\">\n\t\t\t\t\t<div class=\"e-con-inner\">\n\t\t<div class=\"elementor-element elementor-element-6e37965b sg-news sg-cta-premium e-flex e-con-boxed e-con e-child\" data-id=\"6e37965b\" data-element_type=\"container\" data-e-type=\"container\">\n\t\t\t\t\t<div class=\"e-con-inner\">\n\t\t\t\t<div class=\"elementor-element elementor-element-2363597 elementor-widget elementor-widget-text-editor\" data-id=\"2363597\" data-element_type=\"widget\" data-e-type=\"widget\" data-widget_type=\"text-editor.default\">\n\t\t\t\t\t\t\t\t\t<div class=\"sg-cta-left\">\n<div class=\"sg-kicker\" style=\"border-color: rgba(255,255,255,.22); background: rgba(255,255,255,.06);\">NIVEAU SUIVANT<\/div>\n<h3 class=\"sg-cta-title\">Ce contenu n'est qu'un d\u00e9but<\/h3>\n<p class=\"sg-muted\" style=\"margin: 0; font-size: 16px; line-height: 1.65;\">A l'int\u00e9rieur, vous trouverez des programmes priv\u00e9s, des routines guid\u00e9es et des contenus avanc\u00e9s pour entra\u00eener le plaisir, le contr\u00f4le et la connexion.<\/p>\n\n<div class=\"sg-cta-badges\"><span class=\"sg-chip is-active sg-badge sg-badge--cyan\">+2300 vid\u00e9os<\/span><span class=\"sg-chip is-active sg-badge\">12 langues<\/span><span class=\"sg-chip is-active sg-badge sg-badge--pink\">Acc\u00e8s imm\u00e9diat<\/span><\/div>\n<div class=\"sg-cta-list\">\n<div><b>Programmes<\/b> \u00e9tape par \u00e9tape<\/div>\n<div><b>Formation<\/b> guid\u00e9<\/div>\n<div><b>Contenu premium<\/b> exclusif<\/div>\n<\/div>\n<\/div>\t\t\t\t\t\t\t\t<\/div>\n\t\t<div class=\"elementor-element elementor-element-605a4843 sg-cta-right e-flex e-con-boxed e-con e-child\" data-id=\"605a4843\" data-element_type=\"container\" data-e-type=\"container\">\n\t\t\t\t\t<div class=\"e-con-inner\">\n\t\t\t\t<div class=\"elementor-element elementor-element-406c518 elementor-widget elementor-widget-html\" data-id=\"406c518\" data-element_type=\"widget\" data-e-type=\"widget\" data-widget_type=\"html.default\">\n\t\t\t\t\t<div class='sg-cta-visual'><div class='sg-cta-visual__badge'>Acc\u00e8s des membres<\/div><div class='sg-cta-visual__title'>Partenaires <span>SexGym<\/span><\/div><div class='sg-cta-visual__sub'>Programmes - Routines - Contenu Premium<\/div><\/div>\t\t\t\t<\/div>\n\t\t\t\t<div class=\"elementor-element elementor-element-701b773f elementor-align-center sg-neon-btn sg-neon-btn--spicy elementor-widget elementor-widget-button\" data-id=\"701b773f\" data-element_type=\"widget\" data-e-type=\"widget\" data-widget_type=\"button.default\">\n\t\t\t\t\t\t\t\t\t\t<a class=\"elementor-button elementor-button-link elementor-size-lg\" href=\"\/hazte-socio\/\">\n\t\t\t\t\t\t<span class=\"elementor-button-content-wrapper\">\n\t\t\t\t\t\t\t\t\t<span class=\"elementor-button-text\">D\u00e9verrouiller le niveau priv\u00e9<\/span>\n\t\t\t\t\t<\/span>\n\t\t\t\t\t<\/a>\n\t\t\t\t\t\t\t\t<\/div>\n\t\t\t\t<div class=\"elementor-element elementor-element-6f31a9af elementor-widget elementor-widget-text-editor\" data-id=\"6f31a9af\" data-element_type=\"widget\" data-e-type=\"widget\" data-widget_type=\"text-editor.default\">\n\t\t\t\t\t\t\t\t\t<p class='sg-muted' style='margin:10px 0 0; font-size:12px; text-align:center'>Annulation en 1 clic - Assistance rapide<\/p>\t\t\t\t\t\t\t\t<\/div>\n\t\t\t\t\t<\/div>\n\t\t\t\t<\/div>\n\t\t\t\t\t<\/div>\n\t\t\t\t<\/div>\n\t\t\t\t\t<\/div>\n\t\t\t\t<\/div>\n\t\t\t\t<\/div>\n\t\t\t\t<\/div>","protected":false},"excerpt":{"rendered":"<p>Apprenez \u00e0 durer plus longtemps au lit gr\u00e2ce \u00e0 des techniques avanc\u00e9es de contr\u00f4le, d'endurance et d'am\u00e9lioration des performances intimes.<\/p>","protected":false},"author":1,"featured_media":9102,"parent":9070,"menu_order":0,"comment_status":"closed","ping_status":"closed","template":"","meta":{"give_campaign_id":0,"_swpsp_post_exclude":false,"footnotes":""},"class_list":["post-9009","page","type-page","status-publish","has-post-thumbnail","hentry"],"yoast_head":"<!-- This site is optimized with the Yoast SEO Premium plugin v27.4 (Yoast SEO v27.4) - https:\/\/yoast.com\/product\/yoast-seo-premium-wordpress\/ -->\n<title>sexgym.com<\/title>\n<meta name=\"description\" content=\"Aprende c\u00f3mo durar m\u00e1s en la cama con t\u00e9cnicas avanzadas de control, resistencia y mejora del rendimiento \u00edntimo.\" \/>\n<meta name=\"robots\" content=\"index, follow, max-snippet:-1, max-image-preview:large, max-video-preview:-1\" \/>\n<link rel=\"canonical\" href=\"https:\/\/sexgym.com\/fr\/laboratoire\/passion\/\" \/>\n<meta property=\"og:locale\" content=\"fr_FR\" \/>\n<meta property=\"og:type\" content=\"article\" \/>\n<meta property=\"og:title\" content=\"C\u00f3mo Durar M\u00e1s en la Cama y Mejorar el Control | SexGym\" \/>\n<meta property=\"og:description\" content=\"Aprende c\u00f3mo durar m\u00e1s en la cama con t\u00e9cnicas avanzadas de control, resistencia y mejora del rendimiento \u00edntimo.\" \/>\n<meta property=\"og:url\" content=\"https:\/\/sexgym.com\/fr\/laboratoire\/passion\/\" \/>\n<meta property=\"og:site_name\" content=\"sexgym.com\" \/>\n<meta property=\"article:publisher\" content=\"https:\/\/www.facebook.com\/sexgymofficial\" \/>\n<meta property=\"article:modified_time\" content=\"2026-02-17T13:15:16+00:00\" \/>\n<meta property=\"og:image\" content=\"https:\/\/sexgym.com\/wp-content\/uploads\/2026\/02\/blog_spicy_2.webp\" \/>\n\t<meta property=\"og:image:width\" content=\"1536\" \/>\n\t<meta property=\"og:image:height\" content=\"1024\" \/>\n\t<meta property=\"og:image:type\" content=\"image\/webp\" \/>\n<meta name=\"twitter:card\" content=\"summary_large_image\" \/>\n<meta name=\"twitter:site\" content=\"@sexgym_official\" \/>\n<meta name=\"twitter:label1\" content=\"Dur\u00e9e de lecture estim\u00e9e\" \/>\n\t<meta name=\"twitter:data1\" content=\"2 minutes\" \/>\n<script type=\"application\/ld+json\" class=\"yoast-schema-graph\">{\"@context\":\"https:\\\/\\\/schema.org\",\"@graph\":[{\"@type\":\"WebPage\",\"@id\":\"https:\\\/\\\/sexgym.com\\\/lab\\\/pasion\\\/\",\"url\":\"https:\\\/\\\/sexgym.com\\\/lab\\\/pasion\\\/\",\"name\":\"C\u00f3mo Durar M\u00e1s en la Cama y Mejorar el Control | SexGym\",\"isPartOf\":{\"@id\":\"https:\\\/\\\/sexgym.com\\\/#website\"},\"primaryImageOfPage\":{\"@id\":\"https:\\\/\\\/sexgym.com\\\/lab\\\/pasion\\\/#primaryimage\"},\"image\":{\"@id\":\"https:\\\/\\\/sexgym.com\\\/lab\\\/pasion\\\/#primaryimage\"},\"thumbnailUrl\":\"https:\\\/\\\/sexgym.com\\\/wp-content\\\/uploads\\\/2026\\\/02\\\/blog_spicy_2.webp\",\"datePublished\":\"2026-02-15T16:10:16+00:00\",\"dateModified\":\"2026-02-17T13:15:16+00:00\",\"description\":\"Aprende c\u00f3mo durar m\u00e1s en la cama con t\u00e9cnicas avanzadas de control, resistencia y mejora del rendimiento \u00edntimo.\",\"breadcrumb\":{\"@id\":\"https:\\\/\\\/sexgym.com\\\/lab\\\/pasion\\\/#breadcrumb\"},\"inLanguage\":\"fr-FR\",\"potentialAction\":[{\"@type\":\"ReadAction\",\"target\":[\"https:\\\/\\\/sexgym.com\\\/lab\\\/pasion\\\/\"]}]},{\"@type\":\"ImageObject\",\"inLanguage\":\"fr-FR\",\"@id\":\"https:\\\/\\\/sexgym.com\\\/lab\\\/pasion\\\/#primaryimage\",\"url\":\"https:\\\/\\\/sexgym.com\\\/wp-content\\\/uploads\\\/2026\\\/02\\\/blog_spicy_2.webp\",\"contentUrl\":\"https:\\\/\\\/sexgym.com\\\/wp-content\\\/uploads\\\/2026\\\/02\\\/blog_spicy_2.webp\",\"width\":1536,\"height\":1024,\"caption\":\"c\u00f3mo durar m\u00e1s en la cama t\u00e9cnicas avanzadas\"},{\"@type\":\"BreadcrumbList\",\"@id\":\"https:\\\/\\\/sexgym.com\\\/lab\\\/pasion\\\/#breadcrumb\",\"itemListElement\":[{\"@type\":\"ListItem\",\"position\":1,\"name\":\"Portada\",\"item\":\"https:\\\/\\\/sexgym.com\\\/\"},{\"@type\":\"ListItem\",\"position\":2,\"name\":\"Lab SexGym | C\u00f3mo mejorar el rendimiento sexual\",\"item\":\"https:\\\/\\\/sexgym.com\\\/lab\\\/\"},{\"@type\":\"ListItem\",\"position\":3,\"name\":\"C\u00f3mo Durar M\u00e1s en la Cama y Mejorar el Control | SexGym\"}]},{\"@type\":\"WebSite\",\"@id\":\"https:\\\/\\\/sexgym.com\\\/#website\",\"url\":\"https:\\\/\\\/sexgym.com\\\/\",\"name\":\"sexgym.com\",\"description\":\"\",\"publisher\":{\"@id\":\"https:\\\/\\\/sexgym.com\\\/#organization\"},\"potentialAction\":[{\"@type\":\"SearchAction\",\"target\":{\"@type\":\"EntryPoint\",\"urlTemplate\":\"https:\\\/\\\/sexgym.com\\\/?s={search_term_string}\"},\"query-input\":{\"@type\":\"PropertyValueSpecification\",\"valueRequired\":true,\"valueName\":\"search_term_string\"}}],\"inLanguage\":\"fr-FR\"},{\"@type\":\"Organization\",\"@id\":\"https:\\\/\\\/sexgym.com\\\/#organization\",\"name\":\"sexgym.com\",\"url\":\"https:\\\/\\\/sexgym.com\\\/\",\"logo\":{\"@type\":\"ImageObject\",\"inLanguage\":\"fr-FR\",\"@id\":\"https:\\\/\\\/sexgym.com\\\/#\\\/schema\\\/logo\\\/image\\\/\",\"url\":\"https:\\\/\\\/sexgym.com\\\/wp-content\\\/uploads\\\/2025\\\/07\\\/neon-1-1-scaled.webp\",\"contentUrl\":\"https:\\\/\\\/sexgym.com\\\/wp-content\\\/uploads\\\/2025\\\/07\\\/neon-1-1-scaled.webp\",\"width\":1920,\"height\":515,\"caption\":\"sexgym.com\"},\"image\":{\"@id\":\"https:\\\/\\\/sexgym.com\\\/#\\\/schema\\\/logo\\\/image\\\/\"},\"sameAs\":[\"https:\\\/\\\/www.facebook.com\\\/sexgymofficial\",\"https:\\\/\\\/x.com\\\/sexgym_official\",\"https:\\\/\\\/www.instagram.com\\\/sexgym_official\\\/\",\"https:\\\/\\\/www.tiktok.com\\\/@sexgym_official\"]}]}<\/script>\n<!-- \/ Yoast SEO Premium plugin. -->","yoast_head_json":{"title":"sexgym.com","description":"Apprenez \u00e0 durer plus longtemps au lit gr\u00e2ce \u00e0 des techniques avanc\u00e9es de contr\u00f4le, d'endurance et d'am\u00e9lioration des performances intimes.","robots":{"index":"index","follow":"follow","max-snippet":"max-snippet:-1","max-image-preview":"max-image-preview:large","max-video-preview":"max-video-preview:-1"},"canonical":"https:\/\/sexgym.com\/fr\/laboratoire\/passion\/","og_locale":"fr_FR","og_type":"article","og_title":"C\u00f3mo Durar M\u00e1s en la Cama y Mejorar el Control | SexGym","og_description":"Aprende c\u00f3mo durar m\u00e1s en la cama con t\u00e9cnicas avanzadas de control, resistencia y mejora del rendimiento \u00edntimo.","og_url":"https:\/\/sexgym.com\/fr\/laboratoire\/passion\/","og_site_name":"sexgym.com","article_publisher":"https:\/\/www.facebook.com\/sexgymofficial","article_modified_time":"2026-02-17T13:15:16+00:00","og_image":[{"width":1536,"height":1024,"url":"https:\/\/sexgym.com\/wp-content\/uploads\/2026\/02\/blog_spicy_2.webp","type":"image\/webp"}],"twitter_card":"summary_large_image","twitter_site":"@sexgym_official","twitter_misc":{"Dur\u00e9e de lecture estim\u00e9e":"2 minutes"},"schema":{"@context":"https:\/\/schema.org","@graph":[{"@type":"WebPage","@id":"https:\/\/sexgym.com\/lab\/pasion\/","url":"https:\/\/sexgym.com\/lab\/pasion\/","name":"Comment durer plus longtemps au lit et am\u00e9liorer le contr\u00f4le | SexGym","isPartOf":{"@id":"https:\/\/sexgym.com\/#website"},"primaryImageOfPage":{"@id":"https:\/\/sexgym.com\/lab\/pasion\/#primaryimage"},"image":{"@id":"https:\/\/sexgym.com\/lab\/pasion\/#primaryimage"},"thumbnailUrl":"https:\/\/sexgym.com\/wp-content\/uploads\/2026\/02\/blog_spicy_2.webp","datePublished":"2026-02-15T16:10:16+00:00","dateModified":"2026-02-17T13:15:16+00:00","description":"Apprenez \u00e0 durer plus longtemps au lit gr\u00e2ce \u00e0 des techniques avanc\u00e9es de contr\u00f4le, d'endurance et d'am\u00e9lioration des performances intimes.","breadcrumb":{"@id":"https:\/\/sexgym.com\/lab\/pasion\/#breadcrumb"},"inLanguage":"fr-FR","potentialAction":[{"@type":"ReadAction","target":["https:\/\/sexgym.com\/lab\/pasion\/"]}]},{"@type":"ImageObject","inLanguage":"fr-FR","@id":"https:\/\/sexgym.com\/lab\/pasion\/#primaryimage","url":"https:\/\/sexgym.com\/wp-content\/uploads\/2026\/02\/blog_spicy_2.webp","contentUrl":"https:\/\/sexgym.com\/wp-content\/uploads\/2026\/02\/blog_spicy_2.webp","width":1536,"height":1024,"caption":"c\u00f3mo durar m\u00e1s en la cama t\u00e9cnicas avanzadas"},{"@type":"BreadcrumbList","@id":"https:\/\/sexgym.com\/lab\/pasion\/#breadcrumb","itemListElement":[{"@type":"ListItem","position":1,"name":"Portada","item":"https:\/\/sexgym.com\/"},{"@type":"ListItem","position":2,"name":"Lab SexGym | C\u00f3mo mejorar el rendimiento sexual","item":"https:\/\/sexgym.com\/lab\/"},{"@type":"ListItem","position":3,"name":"C\u00f3mo Durar M\u00e1s en la Cama y Mejorar el Control | SexGym"}]},{"@type":"WebSite","@id":"https:\/\/sexgym.com\/#website","url":"https:\/\/sexgym.com\/","name":"sexgym.com","description":"","publisher":{"@id":"https:\/\/sexgym.com\/#organization"},"potentialAction":[{"@type":"SearchAction","target":{"@type":"EntryPoint","urlTemplate":"https:\/\/sexgym.com\/?s={search_term_string}"},"query-input":{"@type":"PropertyValueSpecification","valueRequired":true,"valueName":"search_term_string"}}],"inLanguage":"fr-FR"},{"@type":"Organization","@id":"https:\/\/sexgym.com\/#organization","name":"sexgym.com","url":"https:\/\/sexgym.com\/","logo":{"@type":"ImageObject","inLanguage":"fr-FR","@id":"https:\/\/sexgym.com\/#\/schema\/logo\/image\/","url":"https:\/\/sexgym.com\/wp-content\/uploads\/2025\/07\/neon-1-1-scaled.webp","contentUrl":"https:\/\/sexgym.com\/wp-content\/uploads\/2025\/07\/neon-1-1-scaled.webp","width":1920,"height":515,"caption":"sexgym.com"},"image":{"@id":"https:\/\/sexgym.com\/#\/schema\/logo\/image\/"},"sameAs":["https:\/\/www.facebook.com\/sexgymofficial","https:\/\/x.com\/sexgym_official","https:\/\/www.instagram.com\/sexgym_official\/","https:\/\/www.tiktok.com\/@sexgym_official"]}]}},"campaignId":"","_links":{"self":[{"href":"https:\/\/sexgym.com\/fr\/wp-json\/wp\/v2\/pages\/9009","targetHints":{"allow":["GET"]}}],"collection":[{"href":"https:\/\/sexgym.com\/fr\/wp-json\/wp\/v2\/pages"}],"about":[{"href":"https:\/\/sexgym.com\/fr\/wp-json\/wp\/v2\/types\/page"}],"author":[{"embeddable":true,"href":"https:\/\/sexgym.com\/fr\/wp-json\/wp\/v2\/users\/1"}],"replies":[{"embeddable":true,"href":"https:\/\/sexgym.com\/fr\/wp-json\/wp\/v2\/comments?post=9009"}],"version-history":[{"count":0,"href":"https:\/\/sexgym.com\/fr\/wp-json\/wp\/v2\/pages\/9009\/revisions"}],"up":[{"embeddable":true,"href":"https:\/\/sexgym.com\/fr\/wp-json\/wp\/v2\/pages\/9070"}],"wp:featuredmedia":[{"embeddable":true,"href":"https:\/\/sexgym.com\/fr\/wp-json\/wp\/v2\/media\/9102"}],"wp:attachment":[{"href":"https:\/\/sexgym.com\/fr\/wp-json\/wp\/v2\/media?parent=9009"}],"curies":[{"name":"wp","href":"https:\/\/api.w.org\/{rel}","templated":true}]}}