{"id":9007,"date":"2026-02-15T17:06:40","date_gmt":"2026-02-15T16:06:40","guid":{"rendered":"https:\/\/sexgym.com\/?page_id=9007"},"modified":"2026-02-17T14:15:02","modified_gmt":"2026-02-17T13:15:02","slug":"health","status":"publish","type":"page","link":"https:\/\/sexgym.com\/en\/lab\/health\/","title":{"rendered":"How to Improve Sexual Performance Naturally | SexGym"},"content":{"rendered":"<div data-elementor-type=\"wp-page\" data-elementor-id=\"9007\" class=\"elementor elementor-9007\" data-elementor-post-type=\"page\">\n\t\t\t\t<div class=\"elementor-element elementor-element-13fec70b e-con-full sg-soft-ajax e-flex e-con e-parent\" data-id=\"13fec70b\" data-element_type=\"container\" data-e-type=\"container\" data-settings=\"{&quot;background_background&quot;:&quot;classic&quot;}\">\n\t\t<div class=\"elementor-element elementor-element-6b5bef14 sg-wrap e-flex e-con-boxed e-con e-child\" data-id=\"6b5bef14\" data-element_type=\"container\" data-e-type=\"container\">\n\t\t\t\t\t<div class=\"e-con-inner\">\n\t\t\t\t<div class=\"elementor-element elementor-element-32b08eb0 elementor-widget elementor-widget-heading\" data-id=\"32b08eb0\" data-element_type=\"widget\" data-e-type=\"widget\" data-widget_type=\"heading.default\">\n\t\t\t\t\t<h6 class=\"elementor-heading-title elementor-size-default\"><span class='sg-kicker'>LAB - HEALTH<\/span><\/h6>\t\t\t\t<\/div>\n\t\t\t\t<div class=\"elementor-element elementor-element-314a6745 elementor-hidden-desktop elementor-hidden-tablet elementor-hidden-mobile elementor-widget elementor-widget-button\" data-id=\"314a6745\" data-element_type=\"widget\" data-e-type=\"widget\" data-widget_type=\"button.default\">\n\t\t\t\t\t\t\t\t\t\t<a class=\"elementor-button elementor-button-link elementor-size-xs\" href=\"\/blog\/\">\n\t\t\t\t\t\t<span class=\"elementor-button-content-wrapper\">\n\t\t\t\t\t\t\t\t\t<span class=\"elementor-button-text\">Back to \/blog\/<\/span>\n\t\t\t\t\t<\/span>\n\t\t\t\t\t<\/a>\n\t\t\t\t\t\t\t\t<\/div>\n\t\t\t\t\t<\/div>\n\t\t\t\t<\/div>\n\t\t<div class=\"elementor-element elementor-element-4b42bb00 sg-wrap e-flex e-con-boxed e-con e-child\" data-id=\"4b42bb00\" data-element_type=\"container\" data-e-type=\"container\">\n\t\t\t\t\t<div class=\"e-con-inner\">\n\t\t\t\t<div class=\"elementor-element elementor-element-dd0ff99 elementor-widget elementor-widget-heading\" data-id=\"dd0ff99\" data-element_type=\"widget\" data-e-type=\"widget\" data-widget_type=\"heading.default\">\n\t\t\t\t\t<h1 class=\"elementor-heading-title elementor-size-default\">Intimate training and wellness to improve sexual performance<\/h1>\t\t\t\t<\/div>\n\t\t\t\t<div class=\"elementor-element elementor-element-e280c8f elementor-widget elementor-widget-text-editor\" data-id=\"e280c8f\" data-element_type=\"widget\" data-e-type=\"widget\" data-widget_type=\"text-editor.default\">\n\t\t\t\t\t\t\t\t\t<p data-start=\"974\" data-end=\"1271\">In the Health section of the SexGym Lab you will find practical strategies to improve sexual performance in a natural way. Control, stamina and intimate energy depend not only on experience, but also on progressive training, mobility, breathing and body balance.<\/p><p data-start=\"1273\" data-end=\"1538\">Here we work on exercises to strengthen the pelvic floor, techniques to increase the duration in bed, optimization of rest and habits that directly influence intimate performance. Real improvement is not a matter of luck, but of method and perseverance.<\/p><p data-start=\"1540\" data-end=\"1670\">If you want to increase your duration, improve your control and enhance your intimate well-being, this is the foundation you should build on.<\/p>\t\t\t\t\t\t\t\t<\/div>\n\t\t\t\t<div class=\"elementor-element elementor-element-59195266 elementor-widget elementor-widget-shortcode\" data-id=\"59195266\" data-element_type=\"widget\" data-e-type=\"widget\" data-widget_type=\"shortcode.default\">\n\t\t\t\t\t\t\t<div class=\"elementor-shortcode\">  <div class=\"sg-hero\" style=\"background-image:url('https:\/\/sexgym.com\/wp-content\/uploads\/2026\/04\/Untitled-design-2.webp');background-size:cover;background-position:center;\">\n    <div class=\"sg-heroOverlay\" style=\"min-height:460px; padding:28px; display:flex; flex-direction:column; justify-content:flex-end;\">\n      <div style=\"margin-bottom:10px\"><span class=\"sg-kicker\">Featured<\/span><\/div>\n      <h2 style=\"font-size:clamp(30px,4vw,52px);font-weight:900;line-height:1.05;margin:0 0 10px; max-width:22ch;\">\n        Women's intimate health: how to care for vaginal pH, lubrication and natural balance      <\/h2>\n      <p class=\"sg-muted\" style=\"max-width:70ch;margin:0 0 16px;line-height:1.6\">Women's intimate health: how to take care of vaginal pH, lubrication and natural balance explains simple habits to protect the flora, prevent discomfort and take better care of the vaginal area....<\/p>\n      <div style=\"display:flex; gap:12px; flex-wrap:wrap; align-items:center\">\n        <a class=\"elementor-button sg-btn\" href=\"https:\/\/sexgym.com\/en\/salud-intima-femenina-como-cuidar-el-ph-vaginal-la-lubricacion-y-el-equilibrio-natural\/\" style=\"text-decoration:none;\">Read<\/a>\n      <\/div>\n    <\/div>\n  <\/div>\n  <\/div>\n\t\t\t\t\t\t<\/div>\n\t\t\t\t\t<\/div>\n\t\t\t\t<\/div>\n\t\t<div class=\"elementor-element elementor-element-4f0f2fa5 sg-wrap e-flex e-con-boxed e-con e-child\" data-id=\"4f0f2fa5\" data-element_type=\"container\" data-e-type=\"container\">\n\t\t\t\t\t<div class=\"e-con-inner\">\n\t\t\t\t<div class=\"elementor-element elementor-element-1908070b elementor-widget elementor-widget-shortcode\" data-id=\"1908070b\" data-element_type=\"widget\" data-e-type=\"widget\" data-widget_type=\"shortcode.default\">\n\t\t\t\t\t\t\t<div class=\"elementor-shortcode\"><div class='sg-chips' data-sg-chips='1' data-parent='salud' data-param='topic'><a class='sg-chip is-active' href='\/lab\/salud\/' data-topic=''><svg viewbox=\"0 0 24 24\" fill=\"none\"><path d=\"M6 7h12M6 12h12M6 17h12\" stroke=\"currentColor\" stroke-width=\"2\" stroke-linecap=\"round\"\/><\/svg><span>All<\/span><\/a><a class='sg-chip' href='\/lab\/salud\/?topic=suelo-pelvico' data-topic='suelo-pelvico'><svg viewbox=\"0 0 24 24\" fill=\"none\"><path d=\"M7 6c1.5-1.5 3.5-2 5-2s3.5.5 5 2c1.2 1.2 1.8 3.2 1 5l-2 5c-.3.8-1 1.3-1.8 1.3H9.8c-.8 0-1.5-.5-1.8-1.3L6 11c-.8-1.8-.2-3.8 1-5Z\" stroke=\"currentColor\" stroke-width=\"2\" stroke-linejoin=\"round\"\/><\/svg><span>Pelvic Floor<\/span><\/a><a class='sg-chip' href='\/lab\/salud\/?topic=salud-intima' data-topic='salud-intima'><svg viewbox=\"0 0 24 24\" fill=\"none\"><path d=\"M12 2l8 4v6c0 5-3.5 9-8 10-4.5-1-8-5-8-10V6l8-4Z\" stroke=\"currentColor\" stroke-width=\"2\" stroke-linejoin=\"round\"\/><\/svg><span>Intimate Health<\/span><\/a><a class='sg-chip' href='\/lab\/salud\/?topic=movilidad' data-topic='movilidad'><svg viewbox=\"0 0 24 24\" fill=\"none\"><path d=\"M7 7h10v10H7z\" stroke=\"currentColor\" stroke-width=\"2\"\/><path d=\"M7 12H3m18 0h-4M12 7V3m0 18v-4\" stroke=\"currentColor\" stroke-width=\"2\" stroke-linecap=\"round\"\/><\/svg><span>Mobility<\/span><\/a><a class='sg-chip' href='\/lab\/salud\/?topic=respiracion' data-topic='respiracion'><svg viewbox=\"0 0 24 24\" fill=\"none\"><path d=\"M3 8h10a2 2 0 1 0-2-2\" stroke=\"currentColor\" stroke-width=\"2\" stroke-linecap=\"round\"\/><path d=\"M3 12h14a2 2 0 1 1-2 2\" stroke=\"currentColor\" stroke-width=\"2\" stroke-linecap=\"round\"\/><path d=\"M3 16h8\" stroke=\"currentColor\" stroke-width=\"2\" stroke-linecap=\"round\"\/><\/svg><span>Breathing<\/span><\/a><a class='sg-chip' href='\/lab\/salud\/?topic=mentalidad' data-topic='mentalidad'><svg viewbox=\"0 0 24 24\" fill=\"none\"><path d=\"M9 3a4 4 0 0 0-4 4v1a3 3 0 0 0 0 6v1a4 4 0 0 0 4 4\" stroke=\"currentColor\" stroke-width=\"2\" stroke-linecap=\"round\"\/><path d=\"M15 3a4 4 0 0 1 4 4v1a3 3 0 0 1 0 6v1a4 4 0 0 1-4 4\" stroke=\"currentColor\" stroke-width=\"2\" stroke-linecap=\"round\"\/><\/svg><span>Mentality<\/span><\/a><a class='sg-chip' href='\/lab\/salud\/?topic=descanso' data-topic='descanso'><svg viewbox=\"0 0 24 24\" fill=\"none\"><path d=\"M21 14.5A8.5 8.5 0 0 1 9.5 3a6.5 6.5 0 1 0 11.5 11.5Z\" stroke=\"currentColor\" stroke-width=\"2\" stroke-linejoin=\"round\"\/><\/svg><span>Rest<\/span><\/a><a class='sg-chip' href='\/lab\/salud\/?topic=bienestar-hormonal' data-topic='bienestar-hormonal'><svg viewbox=\"0 0 24 24\" fill=\"none\"><path d=\"M12 2v6\" stroke=\"currentColor\" stroke-width=\"2\" stroke-linecap=\"round\"\/><path d=\"M9 8h6\" stroke=\"currentColor\" stroke-width=\"2\" stroke-linecap=\"round\"\/><path d=\"M7 14a5 5 0 0 0 10 0c0-2.5-2-4.5-5-8-3 3.5-5 5.5-5 8Z\" stroke=\"currentColor\" stroke-width=\"2\" stroke-linejoin=\"round\"\/><\/svg><span>Hormonal Wellness<\/span><\/a><a class='sg-chip' href='\/lab\/salud\/?topic=tecnicas-basicas' data-topic='tecnicas-basicas'><svg viewbox=\"0 0 24 24\" fill=\"none\"><path d=\"M4 19a2 2 0 0 0 2 2h14\" stroke=\"currentColor\" stroke-width=\"2\" stroke-linecap=\"round\"\/><path d=\"M6 3h14v18H6a2 2 0 0 1-2-2V5a2 2 0 0 1 2-2Z\" stroke=\"currentColor\" stroke-width=\"2\" stroke-linejoin=\"round\"\/><\/svg><span>Basic Techniques<\/span><\/a><a class='sg-chip' href='\/lab\/salud\/?topic=principiantes' data-topic='principiantes'><svg viewbox=\"0 0 24 24\" fill=\"none\"><path d=\"M12 2l1.6 5.2L19 9l-5.4 1.8L12 16l-1.6-5.2L5 9l5.4-1.8L12 2Z\" stroke=\"currentColor\" stroke-width=\"2\" stroke-linejoin=\"round\"\/><\/svg><span>Beginners<\/span><\/a><a class='sg-chip' href='\/lab\/salud\/?topic=pareja-conexion' data-topic='pareja-conexion'><svg viewbox=\"0 0 24 24\" fill=\"none\"><path d=\"M10 13a5 5 0 0 1 0-7l1-1a5 5 0 0 1 7 7l-1 1\" stroke=\"currentColor\" stroke-width=\"2\" stroke-linecap=\"round\"\/><path d=\"M14 11a5 5 0 0 1 0 7l-1 1a5 5 0 0 1-7-7l1-1\" stroke=\"currentColor\" stroke-width=\"2\" stroke-linecap=\"round\"\/><\/svg><span>Couple Connection<\/span><\/a><a class='sg-chip' href='\/lab\/salud\/?topic=bienestar-intimo' data-topic='bienestar-intimo'><svg viewbox=\"0 0 24 24\" fill=\"none\"><path d=\"M6 7h12M6 12h12M6 17h12\" stroke=\"currentColor\" stroke-width=\"2\" stroke-linecap=\"round\"\/><\/svg><span>Intimate Wellness<\/span><\/a><\/div><\/div>\n\t\t\t\t\t\t<\/div>\n\t\t\t\t\t<\/div>\n\t\t\t\t<\/div>\n\t\t<div class=\"elementor-element elementor-element-16fdc189 sg-wrap e-flex e-con-boxed e-con e-child\" data-id=\"16fdc189\" data-element_type=\"container\" data-e-type=\"container\">\n\t\t\t\t\t<div class=\"e-con-inner\">\n\t\t\t\t<div class=\"elementor-element elementor-element-24ff8995 elementor-widget elementor-widget-html\" data-id=\"24ff8995\" data-element_type=\"widget\" data-e-type=\"widget\" data-widget_type=\"html.default\">\n\t\t\t\t\t<div class='sg-sectionTitle'><h3><span style='color:#00b4ff'>\u2197<\/span> Lab Health<\/h3><a class='sg-more' href='#grid'>See all \u2192<\/a><\/div>\t\t\t\t<\/div>\n\t\t\t\t\t<\/div>\n\t\t\t\t<\/div>\n\t\t<div class=\"elementor-element elementor-element-1715423d sg-wrap e-flex e-con-boxed e-con e-child\" data-id=\"1715423d\" data-element_type=\"container\" data-e-type=\"container\">\n\t\t\t\t\t<div class=\"e-con-inner\">\n\t\t\t\t<div class=\"elementor-element elementor-element-76da336e elementor-widget elementor-widget-shortcode\" data-id=\"76da336e\" data-element_type=\"widget\" data-e-type=\"widget\" data-widget_type=\"shortcode.default\">\n\t\t\t\t\t\t\t<div class=\"elementor-shortcode\"><div data-sg-grid='1' data-endpoint='https:\/\/sexgym.com\/en\/wp-json\/sexgym\/v1\/blog-grid' data-parent='salud' data-param='topic' data-per-page='9' data-topic=''><div class='sg-muted'>Loading...<\/div><\/div><\/div>\n\t\t\t\t\t\t<\/div>\n\t\t\t\t\t<\/div>\n\t\t\t\t<\/div>\n\t\t<div class=\"elementor-element elementor-element-432fc6d7 sg-wrap e-flex e-con-boxed e-con e-child\" data-id=\"432fc6d7\" data-element_type=\"container\" data-e-type=\"container\">\n\t\t\t\t\t<div class=\"e-con-inner\">\n\t\t<div class=\"elementor-element elementor-element-2540afee sg-soft-cta e-flex e-con-boxed e-con e-child\" data-id=\"2540afee\" data-element_type=\"container\" data-e-type=\"container\">\n\t\t\t\t\t<div class=\"e-con-inner\">\n\t\t\t\t<div class=\"elementor-element elementor-element-1d635ae9 elementor-widget elementor-widget-text-editor\" data-id=\"1d635ae9\" data-element_type=\"widget\" data-e-type=\"widget\" data-widget_type=\"text-editor.default\">\n\t\t\t\t\t\t\t\t\t<div class=\"sg-pill\">NEXT LEVEL<\/div>\n<h3>This content is just the beginning<\/h3>\n<p class=\"sg-muted\" style=\"margin: 0; font-size: 16px; line-height: 1.65;\">Inside you have organized programs, guided routines and advanced content to improve control, connection and wellness.<\/p>\n\n<div style=\"display: flex; flex-wrap: wrap; gap: 10px; margin-top: 14px;\"><span class=\"sg-chip is-active\">+2300 videos<\/span><span class=\"sg-chip\">12 languages<\/span><span class=\"sg-chip\">Immediate access<\/span><\/div>\n\t\t\t\t\t\t\t\t<\/div>\n\t\t<div class=\"elementor-element elementor-element-19be16c8 e-flex e-con-boxed e-con e-child\" data-id=\"19be16c8\" data-element_type=\"container\" data-e-type=\"container\">\n\t\t\t\t\t<div class=\"e-con-inner\">\n\t\t\t\t<div class=\"elementor-element elementor-element-312d9a3c elementor-widget elementor-widget-html\" data-id=\"312d9a3c\" data-element_type=\"widget\" data-e-type=\"widget\" data-widget_type=\"html.default\">\n\t\t\t\t\t<div class='sg-soft-visual'><div class='sg-soft-visual__badge'>Member access<\/div><div class='sg-soft-visual__title'>Partners <span>SexGym<\/span><\/div><div class='sg-soft-visual__sub'>Programs - Routines - Premium Content<\/div><\/div>\t\t\t\t<\/div>\n\t\t\t\t<div class=\"elementor-element elementor-element-694aee0c elementor-align-center sg-neon-btn sg-neon-btn--soft elementor-widget elementor-widget-button\" data-id=\"694aee0c\" data-element_type=\"widget\" data-e-type=\"widget\" data-widget_type=\"button.default\">\n\t\t\t\t\t\t\t\t\t\t<a class=\"elementor-button elementor-button-link elementor-size-lg\" href=\"\/hazte-socio\/\">\n\t\t\t\t\t\t<span class=\"elementor-button-content-wrapper\">\n\t\t\t\t\t\t\t\t\t<span class=\"elementor-button-text\">Become a member<\/span>\n\t\t\t\t\t<\/span>\n\t\t\t\t\t<\/a>\n\t\t\t\t\t\t\t\t<\/div>\n\t\t\t\t<div class=\"elementor-element elementor-element-63d11ae6 elementor-widget elementor-widget-text-editor\" data-id=\"63d11ae6\" data-element_type=\"widget\" data-e-type=\"widget\" data-widget_type=\"text-editor.default\">\n\t\t\t\t\t\t\t\t\t<p class=\"sg-muted\" style=\"margin: 10px 0 0; font-size: 12px; text-align: center;\">1-click cancellation - Fast support<\/p>\t\t\t\t\t\t\t\t<\/div>\n\t\t\t\t\t<\/div>\n\t\t\t\t<\/div>\n\t\t\t\t\t<\/div>\n\t\t\t\t<\/div>\n\t\t\t\t\t<\/div>\n\t\t\t\t<\/div>\n\t\t\t\t<\/div>\n\t\t\t\t<\/div>","protected":false},"excerpt":{"rendered":"<p>Discover how to improve sexual performance naturally with exercises, habits and techniques to increase duration and control.<\/p>","protected":false},"author":1,"featured_media":9100,"parent":9070,"menu_order":0,"comment_status":"closed","ping_status":"closed","template":"","meta":{"give_campaign_id":0,"_swpsp_post_exclude":false,"footnotes":""},"class_list":["post-9007","page","type-page","status-publish","has-post-thumbnail","hentry"],"yoast_head":"<!-- This site is optimized with the Yoast SEO Premium plugin v27.4 (Yoast SEO v27.4) - https:\/\/yoast.com\/product\/yoast-seo-premium-wordpress\/ -->\n<title>sexgym.com<\/title>\n<meta name=\"description\" content=\"Descubre c\u00f3mo mejorar el rendimiento sexual de forma natural con ejercicios, h\u00e1bitos y t\u00e9cnicas basadas en entrenamiento progresivo.\" \/>\n<meta name=\"robots\" content=\"index, follow, max-snippet:-1, max-image-preview:large, max-video-preview:-1\" \/>\n<link rel=\"canonical\" href=\"https:\/\/sexgym.com\/en\/lab\/health\/\" \/>\n<meta property=\"og:locale\" content=\"en_US\" \/>\n<meta property=\"og:type\" content=\"article\" \/>\n<meta property=\"og:title\" content=\"C\u00f3mo Mejorar el Rendimiento Sexual de Forma Natural | SexGym\" \/>\n<meta property=\"og:description\" content=\"Descubre c\u00f3mo mejorar el rendimiento sexual de forma natural con ejercicios, h\u00e1bitos y t\u00e9cnicas para aumentar duraci\u00f3n y control.\" \/>\n<meta property=\"og:url\" content=\"https:\/\/sexgym.com\/en\/lab\/health\/\" \/>\n<meta property=\"og:site_name\" content=\"sexgym.com\" \/>\n<meta property=\"article:publisher\" content=\"https:\/\/www.facebook.com\/sexgymofficial\" \/>\n<meta property=\"article:modified_time\" content=\"2026-02-17T13:15:02+00:00\" \/>\n<meta property=\"og:image\" content=\"https:\/\/sexgym.com\/wp-content\/uploads\/2026\/02\/blog_soft.webp\" \/>\n\t<meta property=\"og:image:width\" content=\"1536\" \/>\n\t<meta property=\"og:image:height\" content=\"1024\" \/>\n\t<meta property=\"og:image:type\" content=\"image\/webp\" \/>\n<meta name=\"twitter:card\" content=\"summary_large_image\" \/>\n<meta name=\"twitter:title\" content=\"C\u00f3mo Mejorar el Rendimiento Sexual de Forma Natural | SexGym\" \/>\n<meta name=\"twitter:site\" content=\"@sexgym_official\" \/>\n<meta name=\"twitter:label1\" content=\"Est. reading time\" \/>\n\t<meta name=\"twitter:data1\" content=\"2 minutes\" \/>\n<script type=\"application\/ld+json\" class=\"yoast-schema-graph\">{\"@context\":\"https:\\\/\\\/schema.org\",\"@graph\":[{\"@type\":\"WebPage\",\"@id\":\"https:\\\/\\\/sexgym.com\\\/lab\\\/salud\\\/\",\"url\":\"https:\\\/\\\/sexgym.com\\\/lab\\\/salud\\\/\",\"name\":\"C\u00f3mo Mejorar el Rendimiento Sexual de Forma Natural | SexGym\",\"isPartOf\":{\"@id\":\"https:\\\/\\\/sexgym.com\\\/#website\"},\"primaryImageOfPage\":{\"@id\":\"https:\\\/\\\/sexgym.com\\\/lab\\\/salud\\\/#primaryimage\"},\"image\":{\"@id\":\"https:\\\/\\\/sexgym.com\\\/lab\\\/salud\\\/#primaryimage\"},\"thumbnailUrl\":\"https:\\\/\\\/sexgym.com\\\/wp-content\\\/uploads\\\/2026\\\/02\\\/blog_soft.webp\",\"datePublished\":\"2026-02-15T16:06:40+00:00\",\"dateModified\":\"2026-02-17T13:15:02+00:00\",\"description\":\"Descubre c\u00f3mo mejorar el rendimiento sexual de forma natural con ejercicios, h\u00e1bitos y t\u00e9cnicas basadas en entrenamiento progresivo.\",\"breadcrumb\":{\"@id\":\"https:\\\/\\\/sexgym.com\\\/lab\\\/salud\\\/#breadcrumb\"},\"inLanguage\":\"en-US\",\"potentialAction\":[{\"@type\":\"ReadAction\",\"target\":[\"https:\\\/\\\/sexgym.com\\\/lab\\\/salud\\\/\"]}]},{\"@type\":\"ImageObject\",\"inLanguage\":\"en-US\",\"@id\":\"https:\\\/\\\/sexgym.com\\\/lab\\\/salud\\\/#primaryimage\",\"url\":\"https:\\\/\\\/sexgym.com\\\/wp-content\\\/uploads\\\/2026\\\/02\\\/blog_soft.webp\",\"contentUrl\":\"https:\\\/\\\/sexgym.com\\\/wp-content\\\/uploads\\\/2026\\\/02\\\/blog_soft.webp\",\"width\":1536,\"height\":1024,\"caption\":\"mejorar rendimiento sexual de forma natural entrenamiento \u00edntimo\"},{\"@type\":\"BreadcrumbList\",\"@id\":\"https:\\\/\\\/sexgym.com\\\/lab\\\/salud\\\/#breadcrumb\",\"itemListElement\":[{\"@type\":\"ListItem\",\"position\":1,\"name\":\"Portada\",\"item\":\"https:\\\/\\\/sexgym.com\\\/\"},{\"@type\":\"ListItem\",\"position\":2,\"name\":\"Lab SexGym | C\u00f3mo mejorar el rendimiento sexual\",\"item\":\"https:\\\/\\\/sexgym.com\\\/lab\\\/\"},{\"@type\":\"ListItem\",\"position\":3,\"name\":\"C\u00f3mo Mejorar el Rendimiento Sexual de Forma Natural | SexGym\"}]},{\"@type\":\"WebSite\",\"@id\":\"https:\\\/\\\/sexgym.com\\\/#website\",\"url\":\"https:\\\/\\\/sexgym.com\\\/\",\"name\":\"sexgym.com\",\"description\":\"\",\"publisher\":{\"@id\":\"https:\\\/\\\/sexgym.com\\\/#organization\"},\"potentialAction\":[{\"@type\":\"SearchAction\",\"target\":{\"@type\":\"EntryPoint\",\"urlTemplate\":\"https:\\\/\\\/sexgym.com\\\/?s={search_term_string}\"},\"query-input\":{\"@type\":\"PropertyValueSpecification\",\"valueRequired\":true,\"valueName\":\"search_term_string\"}}],\"inLanguage\":\"en-US\"},{\"@type\":\"Organization\",\"@id\":\"https:\\\/\\\/sexgym.com\\\/#organization\",\"name\":\"sexgym.com\",\"url\":\"https:\\\/\\\/sexgym.com\\\/\",\"logo\":{\"@type\":\"ImageObject\",\"inLanguage\":\"en-US\",\"@id\":\"https:\\\/\\\/sexgym.com\\\/#\\\/schema\\\/logo\\\/image\\\/\",\"url\":\"https:\\\/\\\/sexgym.com\\\/wp-content\\\/uploads\\\/2025\\\/07\\\/neon-1-1-scaled.webp\",\"contentUrl\":\"https:\\\/\\\/sexgym.com\\\/wp-content\\\/uploads\\\/2025\\\/07\\\/neon-1-1-scaled.webp\",\"width\":1920,\"height\":515,\"caption\":\"sexgym.com\"},\"image\":{\"@id\":\"https:\\\/\\\/sexgym.com\\\/#\\\/schema\\\/logo\\\/image\\\/\"},\"sameAs\":[\"https:\\\/\\\/www.facebook.com\\\/sexgymofficial\",\"https:\\\/\\\/x.com\\\/sexgym_official\",\"https:\\\/\\\/www.instagram.com\\\/sexgym_official\\\/\",\"https:\\\/\\\/www.tiktok.com\\\/@sexgym_official\"]}]}<\/script>\n<!-- \/ Yoast SEO Premium plugin. -->","yoast_head_json":{"title":"sexgym.com","description":"Discover how to improve sexual performance naturally with exercises, habits and techniques based on progressive training.","robots":{"index":"index","follow":"follow","max-snippet":"max-snippet:-1","max-image-preview":"max-image-preview:large","max-video-preview":"max-video-preview:-1"},"canonical":"https:\/\/sexgym.com\/en\/lab\/health\/","og_locale":"en_US","og_type":"article","og_title":"C\u00f3mo Mejorar el Rendimiento Sexual de Forma Natural | SexGym","og_description":"Descubre c\u00f3mo mejorar el rendimiento sexual de forma natural con ejercicios, h\u00e1bitos y t\u00e9cnicas para aumentar duraci\u00f3n y control.","og_url":"https:\/\/sexgym.com\/en\/lab\/health\/","og_site_name":"sexgym.com","article_publisher":"https:\/\/www.facebook.com\/sexgymofficial","article_modified_time":"2026-02-17T13:15:02+00:00","og_image":[{"width":1536,"height":1024,"url":"https:\/\/sexgym.com\/wp-content\/uploads\/2026\/02\/blog_soft.webp","type":"image\/webp"}],"twitter_card":"summary_large_image","twitter_title":"C\u00f3mo Mejorar el Rendimiento Sexual de Forma Natural | SexGym","twitter_site":"@sexgym_official","twitter_misc":{"Est. reading time":"2 minutes"},"schema":{"@context":"https:\/\/schema.org","@graph":[{"@type":"WebPage","@id":"https:\/\/sexgym.com\/lab\/salud\/","url":"https:\/\/sexgym.com\/lab\/salud\/","name":"How to Improve Sexual Performance Naturally | SexGym","isPartOf":{"@id":"https:\/\/sexgym.com\/#website"},"primaryImageOfPage":{"@id":"https:\/\/sexgym.com\/lab\/salud\/#primaryimage"},"image":{"@id":"https:\/\/sexgym.com\/lab\/salud\/#primaryimage"},"thumbnailUrl":"https:\/\/sexgym.com\/wp-content\/uploads\/2026\/02\/blog_soft.webp","datePublished":"2026-02-15T16:06:40+00:00","dateModified":"2026-02-17T13:15:02+00:00","description":"Discover how to improve sexual performance naturally with exercises, habits and techniques based on progressive training.","breadcrumb":{"@id":"https:\/\/sexgym.com\/lab\/salud\/#breadcrumb"},"inLanguage":"en-US","potentialAction":[{"@type":"ReadAction","target":["https:\/\/sexgym.com\/lab\/salud\/"]}]},{"@type":"ImageObject","inLanguage":"en-US","@id":"https:\/\/sexgym.com\/lab\/salud\/#primaryimage","url":"https:\/\/sexgym.com\/wp-content\/uploads\/2026\/02\/blog_soft.webp","contentUrl":"https:\/\/sexgym.com\/wp-content\/uploads\/2026\/02\/blog_soft.webp","width":1536,"height":1024,"caption":"mejorar rendimiento sexual de forma natural entrenamiento \u00edntimo"},{"@type":"BreadcrumbList","@id":"https:\/\/sexgym.com\/lab\/salud\/#breadcrumb","itemListElement":[{"@type":"ListItem","position":1,"name":"Portada","item":"https:\/\/sexgym.com\/"},{"@type":"ListItem","position":2,"name":"Lab SexGym | C\u00f3mo mejorar el rendimiento sexual","item":"https:\/\/sexgym.com\/lab\/"},{"@type":"ListItem","position":3,"name":"C\u00f3mo Mejorar el Rendimiento Sexual de Forma Natural | SexGym"}]},{"@type":"WebSite","@id":"https:\/\/sexgym.com\/#website","url":"https:\/\/sexgym.com\/","name":"sexgym.com","description":"","publisher":{"@id":"https:\/\/sexgym.com\/#organization"},"potentialAction":[{"@type":"SearchAction","target":{"@type":"EntryPoint","urlTemplate":"https:\/\/sexgym.com\/?s={search_term_string}"},"query-input":{"@type":"PropertyValueSpecification","valueRequired":true,"valueName":"search_term_string"}}],"inLanguage":"en-US"},{"@type":"Organization","@id":"https:\/\/sexgym.com\/#organization","name":"sexgym.com","url":"https:\/\/sexgym.com\/","logo":{"@type":"ImageObject","inLanguage":"en-US","@id":"https:\/\/sexgym.com\/#\/schema\/logo\/image\/","url":"https:\/\/sexgym.com\/wp-content\/uploads\/2025\/07\/neon-1-1-scaled.webp","contentUrl":"https:\/\/sexgym.com\/wp-content\/uploads\/2025\/07\/neon-1-1-scaled.webp","width":1920,"height":515,"caption":"sexgym.com"},"image":{"@id":"https:\/\/sexgym.com\/#\/schema\/logo\/image\/"},"sameAs":["https:\/\/www.facebook.com\/sexgymofficial","https:\/\/x.com\/sexgym_official","https:\/\/www.instagram.com\/sexgym_official\/","https:\/\/www.tiktok.com\/@sexgym_official"]}]}},"campaignId":"","_links":{"self":[{"href":"https:\/\/sexgym.com\/en\/wp-json\/wp\/v2\/pages\/9007","targetHints":{"allow":["GET"]}}],"collection":[{"href":"https:\/\/sexgym.com\/en\/wp-json\/wp\/v2\/pages"}],"about":[{"href":"https:\/\/sexgym.com\/en\/wp-json\/wp\/v2\/types\/page"}],"author":[{"embeddable":true,"href":"https:\/\/sexgym.com\/en\/wp-json\/wp\/v2\/users\/1"}],"replies":[{"embeddable":true,"href":"https:\/\/sexgym.com\/en\/wp-json\/wp\/v2\/comments?post=9007"}],"version-history":[{"count":0,"href":"https:\/\/sexgym.com\/en\/wp-json\/wp\/v2\/pages\/9007\/revisions"}],"up":[{"embeddable":true,"href":"https:\/\/sexgym.com\/en\/wp-json\/wp\/v2\/pages\/9070"}],"wp:featuredmedia":[{"embeddable":true,"href":"https:\/\/sexgym.com\/en\/wp-json\/wp\/v2\/media\/9100"}],"wp:attachment":[{"href":"https:\/\/sexgym.com\/en\/wp-json\/wp\/v2\/media?parent=9007"}],"curies":[{"name":"wp","href":"https:\/\/api.w.org\/{rel}","templated":true}]}}